{"id":146,"date":"2024-08-31T13:20:26","date_gmt":"2024-08-31T11:20:26","guid":{"rendered":"https:\/\/www.bumblebees.at\/Chefmaus\/?page_id=146"},"modified":"2024-09-08T19:51:20","modified_gmt":"2024-09-08T17:51:20","slug":"emotionstraining","status":"publish","type":"page","link":"https:\/\/www.bumblebees.at\/Chefmaus\/emotionstraining\/","title":{"rendered":"Emotionstraining"},"content":{"rendered":"\t\t<div data-elementor-type=\"wp-page\" data-elementor-id=\"146\" class=\"elementor elementor-146\">\n\t\t\t\t<div class=\"elementor-element elementor-element-5176d1f e-flex e-con-boxed e-con e-parent\" data-id=\"5176d1f\" data-element_type=\"container\" data-e-type=\"container\">\n\t\t\t\t\t<div class=\"e-con-inner\">\n\t\t<div class=\"elementor-element elementor-element-bcb83a8 e-con-full e-flex e-con e-child\" data-id=\"bcb83a8\" data-element_type=\"container\" data-e-type=\"container\">\n\t\t\t\t<div class=\"elementor-element elementor-element-c8c92c6 elementor-widget elementor-widget-image\" data-id=\"c8c92c6\" data-element_type=\"widget\" data-e-type=\"widget\" data-widget_type=\"image.default\">\n\t\t\t\t<div class=\"elementor-widget-container\">\n\t\t\t\t\t\t\t\t\t\t\t\t\t\t\t<img decoding=\"async\" width=\"200\" height=\"200\" src=\"https:\/\/www.bumblebees.at\/Chefmaus\/wp-content\/uploads\/2024\/08\/EmotionTraining.png\" class=\"attachment-medium size-medium wp-image-41\" alt=\"\" srcset=\"https:\/\/www.bumblebees.at\/Chefmaus\/wp-content\/uploads\/2024\/08\/EmotionTraining.png 200w, https:\/\/www.bumblebees.at\/Chefmaus\/wp-content\/uploads\/2024\/08\/EmotionTraining-150x150.png 150w\" sizes=\"(max-width: 200px) 100vw, 200px\" \/>\t\t\t\t\t\t\t\t\t\t\t\t\t\t\t<\/div>\n\t\t\t\t<\/div>\n\t\t\t\t<\/div>\n\t\t\t\t<div class=\"elementor-element elementor-element-52964ce elementor-widget elementor-widget-elementskit-social-media\" data-id=\"52964ce\" data-element_type=\"widget\" data-e-type=\"widget\" data-widget_type=\"elementskit-social-media.default\">\n\t\t\t\t<div class=\"elementor-widget-container\">\n\t\t\t\t\t<div class=\"ekit-wid-con\" >\t\t\t <ul class=\"ekit_social_media\">\n\t\t\t\t\t\t\t\t\t\t\t\t\t\t<li class=\"elementor-repeater-item-04c6d7b\">\n\t\t\t\t\t    <a\n\t\t\t\t\t\thref=\"https:\/\/www.facebook.com\/profile.php?id=61563459266717\" aria-label=\"Facebook\" class=\"facebook\" >\n\t\t\t\t\t\t\t\n\t\t\t\t\t\t\t<i aria-hidden=\"true\" class=\"icon icon-facebook\"><\/i>\n                                                                                                            <\/a>\n                    <\/li>\n                    \t\t\t\t\t\t\t<\/ul>\n\t\t<\/div>\t\t\t\t<\/div>\n\t\t\t\t<\/div>\n\t\t<div class=\"elementor-element elementor-element-5b6cd16 e-con-full e-flex e-con e-child\" data-id=\"5b6cd16\" data-element_type=\"container\" data-e-type=\"container\">\n\t\t\t\t<div class=\"elementor-element elementor-element-576d6f2 elementor-widget elementor-widget-heading\" data-id=\"576d6f2\" data-element_type=\"widget\" data-e-type=\"widget\" data-widget_type=\"heading.default\">\n\t\t\t\t<div class=\"elementor-widget-container\">\n\t\t\t\t\t<h1 class=\"elementor-heading-title elementor-size-default\">Emotionstraining<\/h1>\t\t\t\t<\/div>\n\t\t\t\t<\/div>\n\t\t\t\t<\/div>\n\t\t\t\t\t<\/div>\n\t\t\t\t<\/div>\n\t\t<div class=\"elementor-element elementor-element-562f255 e-flex e-con-boxed e-con e-parent\" data-id=\"562f255\" data-element_type=\"container\" data-e-type=\"container\">\n\t\t\t\t\t<div class=\"e-con-inner\">\n\t\t\t\t<div class=\"elementor-element elementor-element-fbfa1bd elementor-widget elementor-widget-text-editor\" data-id=\"fbfa1bd\" data-element_type=\"widget\" data-e-type=\"widget\" data-widget_type=\"text-editor.default\">\n\t\t\t\t<div class=\"elementor-widget-container\">\n\t\t\t\t\t\t\t\t\tWenn Frauchen und Herrchen ausgeglichen mit ihrem Hund kommunizieren, wird vieles sehr rasch einfacher.\t\t\t\t\t\t\t\t<\/div>\n\t\t\t\t<\/div>\n\t\t\t\t\t<\/div>\n\t\t\t\t<\/div>\n\t\t<div class=\"elementor-element elementor-element-1ea2328 e-flex e-con-boxed e-con e-parent\" data-id=\"1ea2328\" data-element_type=\"container\" data-e-type=\"container\">\n\t\t\t\t\t<div class=\"e-con-inner\">\n\t\t\t\t<div class=\"elementor-element elementor-element-8f496b3 elementor-widget elementor-widget-text-editor\" data-id=\"8f496b3\" data-element_type=\"widget\" data-e-type=\"widget\" data-widget_type=\"text-editor.default\">\n\t\t\t\t<div class=\"elementor-widget-container\">\n\t\t\t\t\t\t\t\t\t<p>Nachdem Bumblebee als mein erster Hund in mein Leben getreten war, wurde mir klar, dass es Hunde gibt, bei denen das normale Hundeschulentraining nichts bringt. Die ersten Monate mit Bumblebee waren einfach, aber je erwachsener sie wurde, desto problematischer wurde ihr Verhalten. Wir versuchten einige Trainingsvarianten, aber bei jeder Art stellte sich rasch heraus, dass es nicht fruchtet.<\/p>\n<p>Ich war verzweifelt!<\/p>\n<p>Erst als ich begann mit ihren und meinen Emotionen zu arbeiten stellten sich endlich Erfolge ein. Ich habe dann drei Jahre bei Marisa im Verein Pfotenbande gelernt wie ich statt der K\u00f6rperhaltung die Emotionen ver\u00e4ndern kann. Ab da wurde es immer leichter mit Bumblebee. Hatte ich lange Zeit Angst mit ihr einen Schritt vor die T\u00fcre zu setzen, weil wir k\u00f6nnten ja einem anderen Hund begegnen, bekam ich langsam die Freude am Spaziergang mit ihr zur\u00fcck.<\/p>\n<p>Da dies f\u00fcr mich bei problematischem Verhalten die beste L\u00f6sung war, m\u00f6chte ich das gerne an andere Hundebesitzer weitergeben. Ich m\u00f6chte den Schwerpunkt schon auf Welpen und Junghunde richten. Je fr\u00fcher man lernt mit seinem Hund h\u00fcndisch zu kommunizieren, desto schneller gewinnt man sein Vertrauen.<\/p>\n<p>Emotionstraining schlie\u00dft den Besuch einer Hundeschule nicht aus, dort k\u00f6nnen der K\u00f6rper und der Geist trainiert werden.\nAber um Emotionen zu \u00e4ndern lade ich euch zu mir ins Training ein.<\/p>\n\t\t\t\t\t\t\t\t<\/div>\n\t\t\t\t<\/div>\n\t\t\t\t\t<\/div>\n\t\t\t\t<\/div>\n\t\t<div class=\"elementor-element elementor-element-413dd15 e-flex e-con-boxed e-con e-parent\" data-id=\"413dd15\" data-element_type=\"container\" data-e-type=\"container\">\n\t\t\t\t\t<div class=\"e-con-inner\">\n\t\t<div class=\"elementor-element elementor-element-8d507a0 e-con-full e-flex e-con e-child\" data-id=\"8d507a0\" data-element_type=\"container\" data-e-type=\"container\">\n\t\t\t\t<div class=\"elementor-element elementor-element-4fc4310 elementor-widget elementor-widget-image\" data-id=\"4fc4310\" data-element_type=\"widget\" data-e-type=\"widget\" data-widget_type=\"image.default\">\n\t\t\t\t<div class=\"elementor-widget-container\">\n\t\t\t\t\t\t\t\t\t\t\t\t\t\t\t<img fetchpriority=\"high\" decoding=\"async\" width=\"270\" height=\"285\" src=\"https:\/\/www.bumblebees.at\/Chefmaus\/wp-content\/uploads\/2024\/08\/EmotionTraining_K3.png\" class=\"attachment-medium size-medium wp-image-42\" alt=\"\" \/>\t\t\t\t\t\t\t\t\t\t\t\t\t\t\t<\/div>\n\t\t\t\t<\/div>\n\t\t\t\t<\/div>\n\t\t<div class=\"elementor-element elementor-element-0784198 e-con-full e-flex e-con e-child\" data-id=\"0784198\" data-element_type=\"container\" data-e-type=\"container\">\n\t\t\t\t<div class=\"elementor-element elementor-element-d8e42b2 elementor-widget elementor-widget-heading\" data-id=\"d8e42b2\" data-element_type=\"widget\" data-e-type=\"widget\" data-widget_type=\"heading.default\">\n\t\t\t\t<div class=\"elementor-widget-container\">\n\t\t\t\t\t<h2 class=\"elementor-heading-title elementor-size-default\">K3 - K\u00f6rper Kognition K\u00fchnheit<\/h2>\t\t\t\t<\/div>\n\t\t\t\t<\/div>\n\t\t\t\t<\/div>\n\t\t\t\t\t<\/div>\n\t\t\t\t<\/div>\n\t\t<div class=\"elementor-element elementor-element-3b3fecb e-flex e-con-boxed e-con e-parent\" data-id=\"3b3fecb\" data-element_type=\"container\" data-e-type=\"container\">\n\t\t\t\t\t<div class=\"e-con-inner\">\n\t\t\t\t<div class=\"elementor-element elementor-element-f4e2148 elementor-widget elementor-widget-text-editor\" data-id=\"f4e2148\" data-element_type=\"widget\" data-e-type=\"widget\" data-widget_type=\"text-editor.default\">\n\t\t\t\t<div class=\"elementor-widget-container\">\n\t\t\t\t\t\t\t\t\t<p><strong>K3 DogParkour\u00ae<\/strong><\/p><p>&#8230;ist ein mobiles Fitness- und Mentaltraining f\u00fcr Hunde aller Altersklassen mit spannendem Erlebnis-Parkour. Im Fokus steht die ganzheitliche Betrachtung des Hundes mit der einzigartigen K3-Formel.\u00a0Ziel ist ein k\u00f6rperliches, geistiges und seelisches Gleichgewicht des Hundes durch sinnvolle Auslastung, ruhiges konzentriertes Arbeiten, gepaart mit Teamwork und gegenseitigem Vertrauen. Vom einfachen Fun-Parkour bis hin zu sehr anspruchsvollen \u00dcbungen ist alles m\u00f6glich.<\/p><p><strong>Unsere K3-Formel: K3 = K\u00f6rper + Kognition + K\u00fchnheit<\/strong><\/p><p><strong>K\u00f6rper<\/strong><\/p><p><strong>Durch regelm\u00e4\u00dfiges Bewegungstraining wird die Gesundheit und das Wohlbefinden gesteigert:<\/strong><\/p><ul><li>Beweglichkeit<\/li><li>Fitness<\/li><li>Koordination<\/li><li>Muskelaufbau<\/li><\/ul><p><strong>Kognition<\/strong><\/p><p><strong>Kognition beinhaltet alle Denk- und Wahrnehmungsprozesse. Wussten Sie, dass auch das Probleml\u00f6severhalten eine kognitive Aufgabe ist?\u00a0<\/strong><\/p><ul><li>Konzentration<\/li><li>Motorik<\/li><li>Raumvorstellung<\/li><li>Wahrnehmung<\/li><\/ul><p><strong>\u00a0<\/strong><strong>K\u00fchnheit<\/strong><\/p><p><strong>K\u00fchnheit steht f\u00fcr mutige beherzte Handlungen. Wer kennt es nicht: Der eigene Stolz und die Freude, wenn man etwas geschafft hat, was man sich unter normalen Umst\u00e4nden niemals zugetraut h\u00e4tte.\u00a0<\/strong><\/p><ul><li>Konflikte meistern<\/li><li>Selbstsicherheit gewinnen<\/li><li>Selbstvertrauen steigern<\/li><li>Unsicherheiten abbauen<\/li><\/ul><p><strong>Nachstehend bekommen Sie einige Informationen zu K3DogParkour\u00ae bei speziellen Hundegruppen:<\/strong><\/p><ul><li>Hunde mit\u00a0<strong>Funktionsst\u00f6rungen \/\u00a0Handicaps<\/strong><\/li><\/ul><p>Bei Hunden mit orthop\u00e4dischen Funktionsst\u00f6rungen oder Handicaps wird das K3-Training als aktive Bewegungstherapie, auch in Erg\u00e4nzung zu einer laufenden tier\u00e4rztlichen oder physiotherapeutischen Behandlung, eingesetzt. Durch die Bewegungstherapie werden Stoffwechselprozesse angeregt, Muskelverspannungen allm\u00e4hlich gel\u00f6st und der gesamte Bewegungsablauf wird koordinierter. Der Hund hat infolgedessen weniger Schmerzen, die Muskulatur wird stabilisierend aufgebaut und die Beweglichkeit verbessert.\u00a0<\/p><p>Sofern gew\u00fcnscht, orientieren sich die K3-K\u00f6rper-\u00dcbungen nach einem konkreten physiotherapeutischen Behandlungsplan. Immer h\u00e4ufiger \u00fcberweisen Tier\u00e4rzte und Physiotherapeuten ihre Patienten zur regelm\u00e4\u00dfigen Bewegungstherapie an uns.\u00a0Der Parkour wird gezielt auf die Funktionsst\u00f6rungen Ihres Hundes abgestimmt und die Ausf\u00fchrung der \u00dcbungen professionell begleitet. Dadurch ist das Programm auch zur postoperativen Bewegungstherapie geeignet.<\/p><p>Auch nach Operationen ist K3DogParkour\u00ae in Absprache mit dem behandelnden Tierarzt ein effektives und schonendes Bewegungstraining.<\/p><ul><li>Hunde mit\u00a0<strong>Angst \/ Unsicherheit<\/strong><\/li><\/ul><p>\u00c4ngstliche oder unsichere Hunde werden mit jeder K3-Stunde zusehend selbstsicherer. Woran liegt das?<\/p><p>Mit entsprechender Anleitung zur K\u00f6rpersprache, Motivation und Belohnung werden die Stationen, die zun\u00e4chst allesamt Konflikte f\u00fcr den Hund darstellen, im Team positiv erarbeitet. Erfolge motivieren und st\u00e4rken nachhaltig das Selbstbewusstsein und das Vertrauen, eine gute Stimmung entsteht. Erfolge werden in den Alltag transportiert.<\/p><ul><li>Hunde mit\u00a0<strong>Unruhe \/ Hyperaktivit\u00e4t<\/strong><\/li><\/ul><p>Quirlige Junghunde, hyperaktive Hunde oder generell unruhige Hunde mit erh\u00f6htem Stresslevel profitieren von der ruhigen konzentrierten Arbeit im K3-Parkour mit Elementen der Grunderziehung. Die Zeitspanne des Sich-Konzentrieren-K\u00f6nnens wird sukzessive verl\u00e4ngert. Die Hunde lernen genau zu arbeiten und ihre Gliedma\u00dfen gezielt einzusetzen. Bereits nach einigen Trainingseinheiten werden Sie eine Ver\u00e4nderung feststellen.<\/p><ul><li>Hunde mit\u00a0<strong>Adipositas \/\u00a0\u00dcbergewicht<\/strong><\/li><\/ul><p>Bei Hunden mit \u00dcbergewicht ist K3DogParkour\u00ae ideal als schonendes Aktivit\u00e4tsprogramm erg\u00e4nzend zu einer Ern\u00e4hrungsumstellung.<\/p>\t\t\t\t\t\t\t\t<\/div>\n\t\t\t\t<\/div>\n\t\t\t\t\t<\/div>\n\t\t\t\t<\/div>\n\t\t\t\t<\/div>\n\t\t","protected":false},"excerpt":{"rendered":"<p>Emotionstraining Wenn Frauchen und Herrchen ausgeglichen mit ihrem Hund kommunizieren, wird vieles sehr rasch einfacher. Nachdem Bumblebee als mein erster Hund in mein Leben getreten war, wurde mir klar, dass [&hellip;]<\/p>\n","protected":false},"author":2,"featured_media":0,"parent":0,"menu_order":0,"comment_status":"closed","ping_status":"closed","template":"","meta":{"footnotes":""},"class_list":["post-146","page","type-page","status-publish","hentry"],"_links":{"self":[{"href":"https:\/\/www.bumblebees.at\/Chefmaus\/wp-json\/wp\/v2\/pages\/146","targetHints":{"allow":["GET"]}}],"collection":[{"href":"https:\/\/www.bumblebees.at\/Chefmaus\/wp-json\/wp\/v2\/pages"}],"about":[{"href":"https:\/\/www.bumblebees.at\/Chefmaus\/wp-json\/wp\/v2\/types\/page"}],"author":[{"embeddable":true,"href":"https:\/\/www.bumblebees.at\/Chefmaus\/wp-json\/wp\/v2\/users\/2"}],"replies":[{"embeddable":true,"href":"https:\/\/www.bumblebees.at\/Chefmaus\/wp-json\/wp\/v2\/comments?post=146"}],"version-history":[{"count":62,"href":"https:\/\/www.bumblebees.at\/Chefmaus\/wp-json\/wp\/v2\/pages\/146\/revisions"}],"predecessor-version":[{"id":493,"href":"https:\/\/www.bumblebees.at\/Chefmaus\/wp-json\/wp\/v2\/pages\/146\/revisions\/493"}],"wp:attachment":[{"href":"https:\/\/www.bumblebees.at\/Chefmaus\/wp-json\/wp\/v2\/media?parent=146"}],"curies":[{"name":"wp","href":"https:\/\/api.w.org\/{rel}","templated":true}]}}