{"id":158,"date":"2024-08-31T13:31:13","date_gmt":"2024-08-31T11:31:13","guid":{"rendered":"https:\/\/www.bumblebees.at\/Chefmaus\/?page_id=158"},"modified":"2024-09-01T14:36:54","modified_gmt":"2024-09-01T12:36:54","slug":"k3-training","status":"publish","type":"page","link":"https:\/\/www.bumblebees.at\/Chefmaus\/k3-training\/","title":{"rendered":"K3-Training"},"content":{"rendered":"\t\t<div data-elementor-type=\"wp-page\" data-elementor-id=\"158\" class=\"elementor elementor-158\">\n\t\t\t\t<div class=\"elementor-element elementor-element-14f93580 e-flex e-con-boxed e-con e-parent\" data-id=\"14f93580\" data-element_type=\"container\" data-e-type=\"container\">\n\t\t\t\t\t<div class=\"e-con-inner\">\n\t\t<div class=\"elementor-element elementor-element-9586bd2 e-con-full e-flex e-con e-child\" data-id=\"9586bd2\" data-element_type=\"container\" data-e-type=\"container\">\n\t\t\t\t<div class=\"elementor-element elementor-element-b3a8712 elementor-widget elementor-widget-image\" data-id=\"b3a8712\" data-element_type=\"widget\" data-e-type=\"widget\" data-widget_type=\"image.default\">\n\t\t\t\t<div class=\"elementor-widget-container\">\n\t\t\t\t\t\t\t\t\t\t\t\t\t\t\t<img fetchpriority=\"high\" decoding=\"async\" width=\"270\" height=\"285\" src=\"https:\/\/www.bumblebees.at\/Chefmaus\/wp-content\/uploads\/2024\/08\/EmotionTraining_K3.png\" class=\"attachment-medium size-medium wp-image-42\" alt=\"\" \/>\t\t\t\t\t\t\t\t\t\t\t\t\t\t\t<\/div>\n\t\t\t\t<\/div>\n\t\t\t\t<\/div>\n\t\t<div class=\"elementor-element elementor-element-641bb553 e-con-full e-flex e-con e-child\" data-id=\"641bb553\" data-element_type=\"container\" data-e-type=\"container\">\n\t\t\t\t<div class=\"elementor-element elementor-element-22f2aab9 elementor-widget elementor-widget-heading\" data-id=\"22f2aab9\" data-element_type=\"widget\" data-e-type=\"widget\" data-widget_type=\"heading.default\">\n\t\t\t\t<div class=\"elementor-widget-container\">\n\t\t\t\t\t<h2 class=\"elementor-heading-title elementor-size-default\">K3 - K\u00f6rper Kognition K\u00fchnheit<\/h2>\t\t\t\t<\/div>\n\t\t\t\t<\/div>\n\t\t\t\t<\/div>\n\t\t\t\t\t<\/div>\n\t\t\t\t<\/div>\n\t\t<div class=\"elementor-element elementor-element-29b57b13 e-flex e-con-boxed e-con e-parent\" data-id=\"29b57b13\" data-element_type=\"container\" data-e-type=\"container\">\n\t\t\t\t\t<div class=\"e-con-inner\">\n\t\t\t\t<div class=\"elementor-element elementor-element-28a3c5db elementor-widget elementor-widget-text-editor\" data-id=\"28a3c5db\" data-element_type=\"widget\" data-e-type=\"widget\" data-widget_type=\"text-editor.default\">\n\t\t\t\t<div class=\"elementor-widget-container\">\n\t\t\t\t\t\t\t\t\t<p><strong>K3 DogParkour\u00ae<\/strong><\/p><p>&#8230;ist ein mobiles Fitness- und Mentaltraining f\u00fcr Hunde aller Altersklassen mit spannendem Erlebnis-Parkour. Im Fokus steht die ganzheitliche Betrachtung des Hundes mit der einzigartigen K3-Formel.\u00a0Ziel ist ein k\u00f6rperliches, geistiges und seelisches Gleichgewicht des Hundes durch sinnvolle Auslastung, ruhiges konzentriertes Arbeiten, gepaart mit Teamwork und gegenseitigem Vertrauen. Vom einfachen Fun-Parkour bis hin zu sehr anspruchsvollen \u00dcbungen ist alles m\u00f6glich.<\/p><p><strong>Unsere K3-Formel: K3 = K\u00f6rper + Kognition + K\u00fchnheit<\/strong><\/p><p><strong>K\u00f6rper<\/strong><\/p><p><strong>Durch regelm\u00e4\u00dfiges Bewegungstraining wird die Gesundheit und das Wohlbefinden gesteigert:<\/strong><\/p><ul><li>Beweglichkeit<\/li><li>Fitness<\/li><li>Koordination<\/li><li>Muskelaufbau<\/li><\/ul><p><strong>Kognition<\/strong><\/p><p><strong>Kognition beinhaltet alle Denk- und Wahrnehmungsprozesse. Wussten Sie, dass auch das Probleml\u00f6severhalten eine kognitive Aufgabe ist?\u00a0<\/strong><\/p><ul><li>Konzentration<\/li><li>Motorik<\/li><li>Raumvorstellung<\/li><li>Wahrnehmung<\/li><\/ul><p><strong>\u00a0<\/strong><strong>K\u00fchnheit<\/strong><\/p><p><strong>K\u00fchnheit steht f\u00fcr mutige beherzte Handlungen. Wer kennt es nicht: Der eigene Stolz und die Freude, wenn man etwas geschafft hat, was man sich unter normalen Umst\u00e4nden niemals zugetraut h\u00e4tte.\u00a0<\/strong><\/p><ul><li>Konflikte meistern<\/li><li>Selbstsicherheit gewinnen<\/li><li>Selbstvertrauen steigern<\/li><li>Unsicherheiten abbauen<\/li><\/ul><p><strong>Nachstehend bekommen Sie einige Informationen zu K3DogParkour\u00ae bei speziellen Hundegruppen:<\/strong><\/p><ul><li>Hunde mit\u00a0<strong>Funktionsst\u00f6rungen \/\u00a0Handicaps<\/strong><\/li><\/ul><p>Bei Hunden mit orthop\u00e4dischen Funktionsst\u00f6rungen oder Handicaps wird das K3-Training als aktive Bewegungstherapie, auch in Erg\u00e4nzung zu einer laufenden tier\u00e4rztlichen oder physiotherapeutischen Behandlung, eingesetzt. Durch die Bewegungstherapie werden Stoffwechselprozesse angeregt, Muskelverspannungen allm\u00e4hlich gel\u00f6st und der gesamte Bewegungsablauf wird koordinierter. Der Hund hat infolgedessen weniger Schmerzen, die Muskulatur wird stabilisierend aufgebaut und die Beweglichkeit verbessert.\u00a0<\/p><p>Sofern gew\u00fcnscht, orientieren sich die K3-K\u00f6rper-\u00dcbungen nach einem konkreten physiotherapeutischen Behandlungsplan. Immer h\u00e4ufiger \u00fcberweisen Tier\u00e4rzte und Physiotherapeuten ihre Patienten zur regelm\u00e4\u00dfigen Bewegungstherapie an uns.\u00a0Der Parkour wird gezielt auf die Funktionsst\u00f6rungen Ihres Hundes abgestimmt und die Ausf\u00fchrung der \u00dcbungen professionell begleitet. Dadurch ist das Programm auch zur postoperativen Bewegungstherapie geeignet.<\/p><p>Auch nach Operationen ist K3DogParkour\u00ae in Absprache mit dem behandelnden Tierarzt ein effektives und schonendes Bewegungstraining.<\/p><ul><li>Hunde mit\u00a0<strong>Angst \/ Unsicherheit<\/strong><\/li><\/ul><p>\u00c4ngstliche oder unsichere Hunde werden mit jeder K3-Stunde zusehend selbstsicherer. Woran liegt das?<\/p><p>Mit entsprechender Anleitung zur K\u00f6rpersprache, Motivation und Belohnung werden die Stationen, die zun\u00e4chst allesamt Konflikte f\u00fcr den Hund darstellen, im Team positiv erarbeitet. Erfolge motivieren und st\u00e4rken nachhaltig das Selbstbewusstsein und das Vertrauen, eine gute Stimmung entsteht. Erfolge werden in den Alltag transportiert.<\/p><ul><li>Hunde mit\u00a0<strong>Unruhe \/ Hyperaktivit\u00e4t<\/strong><\/li><\/ul><p>Quirlige Junghunde, hyperaktive Hunde oder generell unruhige Hunde mit erh\u00f6htem Stresslevel profitieren von der ruhigen konzentrierten Arbeit im K3-Parkour mit Elementen der Grunderziehung. Die Zeitspanne des Sich-Konzentrieren-K\u00f6nnens wird sukzessive verl\u00e4ngert. Die Hunde lernen genau zu arbeiten und ihre Gliedma\u00dfen gezielt einzusetzen. Bereits nach einigen Trainingseinheiten werden Sie eine Ver\u00e4nderung feststellen.<\/p><ul><li>Hunde mit\u00a0<strong>Adipositas \/\u00a0\u00dcbergewicht<\/strong><\/li><\/ul><p>Bei Hunden mit \u00dcbergewicht ist K3DogParkour\u00ae ideal als schonendes Aktivit\u00e4tsprogramm erg\u00e4nzend zu einer Ern\u00e4hrungsumstellung.<\/p>\t\t\t\t\t\t\t\t<\/div>\n\t\t\t\t<\/div>\n\t\t\t\t\t<\/div>\n\t\t\t\t<\/div>\n\t\t\t\t<\/div>\n\t\t","protected":false},"excerpt":{"rendered":"<p>K3 &#8211; K\u00f6rper Kognition K\u00fchnheit K3 DogParkour\u00ae &#8230;ist ein mobiles Fitness- und Mentaltraining f\u00fcr Hunde aller Altersklassen mit spannendem Erlebnis-Parkour. Im Fokus steht die ganzheitliche Betrachtung des Hundes mit der [&hellip;]<\/p>\n","protected":false},"author":2,"featured_media":0,"parent":0,"menu_order":0,"comment_status":"closed","ping_status":"closed","template":"","meta":{"footnotes":""},"class_list":["post-158","page","type-page","status-publish","hentry"],"_links":{"self":[{"href":"https:\/\/www.bumblebees.at\/Chefmaus\/wp-json\/wp\/v2\/pages\/158","targetHints":{"allow":["GET"]}}],"collection":[{"href":"https:\/\/www.bumblebees.at\/Chefmaus\/wp-json\/wp\/v2\/pages"}],"about":[{"href":"https:\/\/www.bumblebees.at\/Chefmaus\/wp-json\/wp\/v2\/types\/page"}],"author":[{"embeddable":true,"href":"https:\/\/www.bumblebees.at\/Chefmaus\/wp-json\/wp\/v2\/users\/2"}],"replies":[{"embeddable":true,"href":"https:\/\/www.bumblebees.at\/Chefmaus\/wp-json\/wp\/v2\/comments?post=158"}],"version-history":[{"count":29,"href":"https:\/\/www.bumblebees.at\/Chefmaus\/wp-json\/wp\/v2\/pages\/158\/revisions"}],"predecessor-version":[{"id":863,"href":"https:\/\/www.bumblebees.at\/Chefmaus\/wp-json\/wp\/v2\/pages\/158\/revisions\/863"}],"wp:attachment":[{"href":"https:\/\/www.bumblebees.at\/Chefmaus\/wp-json\/wp\/v2\/media?parent=158"}],"curies":[{"name":"wp","href":"https:\/\/api.w.org\/{rel}","templated":true}]}}