{"id":166,"date":"2024-08-31T13:59:31","date_gmt":"2024-08-31T11:59:31","guid":{"rendered":"https:\/\/www.bumblebees.at\/Chefmaus\/?page_id=166"},"modified":"2026-04-09T06:49:57","modified_gmt":"2026-04-09T04:49:57","slug":"ernaehrung","status":"publish","type":"page","link":"https:\/\/www.bumblebees.at\/Chefmaus\/ernaehrung\/","title":{"rendered":"Artgerechte Ern\u00e4hrung"},"content":{"rendered":"\t\t<div data-elementor-type=\"wp-page\" data-elementor-id=\"166\" class=\"elementor elementor-166\">\n\t\t\t\t<div class=\"elementor-element elementor-element-5340c6e3 e-flex e-con-boxed e-con e-parent\" data-id=\"5340c6e3\" data-element_type=\"container\" data-e-type=\"container\">\n\t\t\t\t\t<div class=\"e-con-inner\">\n\t\t<div class=\"elementor-element elementor-element-1118b10d e-con-full e-flex e-con e-child\" data-id=\"1118b10d\" data-element_type=\"container\" data-e-type=\"container\">\n\t\t\t\t<div class=\"elementor-element elementor-element-4a979940 elementor-widget elementor-widget-image\" data-id=\"4a979940\" data-element_type=\"widget\" data-e-type=\"widget\" data-widget_type=\"image.default\">\n\t\t\t\t<div class=\"elementor-widget-container\">\n\t\t\t\t\t\t\t\t\t\t\t\t\t\t\t<img fetchpriority=\"high\" decoding=\"async\" width=\"300\" height=\"300\" src=\"https:\/\/www.bumblebees.at\/Chefmaus\/wp-content\/uploads\/2024\/08\/Ernaehrungberatung-300x300.jpg\" class=\"attachment-medium size-medium wp-image-224\" alt=\"\" srcset=\"https:\/\/www.bumblebees.at\/Chefmaus\/wp-content\/uploads\/2024\/08\/Ernaehrungberatung-300x300.jpg 300w, https:\/\/www.bumblebees.at\/Chefmaus\/wp-content\/uploads\/2024\/08\/Ernaehrungberatung-150x150.jpg 150w, https:\/\/www.bumblebees.at\/Chefmaus\/wp-content\/uploads\/2024\/08\/Ernaehrungberatung-768x768.jpg 768w, https:\/\/www.bumblebees.at\/Chefmaus\/wp-content\/uploads\/2024\/08\/Ernaehrungberatung.jpg 1024w\" sizes=\"(max-width: 300px) 100vw, 300px\" \/>\t\t\t\t\t\t\t\t\t\t\t\t\t\t\t<\/div>\n\t\t\t\t<\/div>\n\t\t\t\t<\/div>\n\t\t\t\t<div class=\"elementor-element elementor-element-96ffa66 elementor-widget elementor-widget-elementskit-social-media\" data-id=\"96ffa66\" data-element_type=\"widget\" data-e-type=\"widget\" data-widget_type=\"elementskit-social-media.default\">\n\t\t\t\t<div class=\"elementor-widget-container\">\n\t\t\t\t\t<div class=\"ekit-wid-con\" >\t\t\t <ul class=\"ekit_social_media\">\n\t\t\t\t\t\t\t\t\t\t\t\t\t\t<li class=\"elementor-repeater-item-9598ec8\">\n\t\t\t\t\t    <a\n\t\t\t\t\t\thref=\"https:\/\/www.facebook.com\/DorisArwenBare\" aria-label=\"Facebook\" class=\"2\" >\n\t\t\t\t\t\t\t\n\t\t\t\t\t\t\t<i aria-hidden=\"true\" class=\"icon icon-facebook-2\"><\/i>\n                                                                                                            <\/a>\n                    <\/li>\n                    \t\t\t\t\t\t\t<\/ul>\n\t\t<\/div>\t\t\t\t<\/div>\n\t\t\t\t<\/div>\n\t\t<div class=\"elementor-element elementor-element-6b874a30 e-con-full e-flex e-con e-child\" data-id=\"6b874a30\" data-element_type=\"container\" data-e-type=\"container\">\n\t\t\t\t<div class=\"elementor-element elementor-element-3bb1bb53 elementor-widget elementor-widget-heading\" data-id=\"3bb1bb53\" data-element_type=\"widget\" data-e-type=\"widget\" data-widget_type=\"heading.default\">\n\t\t\t\t<div class=\"elementor-widget-container\">\n\t\t\t\t\t<h1 class=\"elementor-heading-title elementor-size-default\">Artgerechte Ern\u00e4hrung<\/h1>\t\t\t\t<\/div>\n\t\t\t\t<\/div>\n\t\t\t\t<\/div>\n\t\t\t\t\t<\/div>\n\t\t\t\t<\/div>\n\t\t<div class=\"elementor-element elementor-element-2c3afca e-flex e-con-boxed e-con e-parent\" data-id=\"2c3afca\" data-element_type=\"container\" data-e-type=\"container\">\n\t\t\t\t\t<div class=\"e-con-inner\">\n\t\t<div class=\"elementor-element elementor-element-54d3e2d e-con-full e-flex e-con e-child\" data-id=\"54d3e2d\" data-element_type=\"container\" data-e-type=\"container\">\n\t\t\t\t<div class=\"elementor-element elementor-element-857e47b elementor-widget elementor-widget-heading\" data-id=\"857e47b\" data-element_type=\"widget\" data-e-type=\"widget\" data-widget_type=\"heading.default\">\n\t\t\t\t<div class=\"elementor-widget-container\">\n\t\t\t\t\t<h2 class=\"elementor-heading-title elementor-size-default\">Individuelle Ern\u00e4hrung<\/h2>\t\t\t\t<\/div>\n\t\t\t\t<\/div>\n\t\t\t\t<div class=\"elementor-element elementor-element-8c67038 elementor-widget elementor-widget-image\" data-id=\"8c67038\" data-element_type=\"widget\" data-e-type=\"widget\" data-widget_type=\"image.default\">\n\t\t\t\t<div class=\"elementor-widget-container\">\n\t\t\t\t\t\t\t\t\t\t\t\t\t\t\t<img decoding=\"async\" width=\"200\" height=\"200\" src=\"https:\/\/www.bumblebees.at\/Chefmaus\/wp-content\/uploads\/2024\/08\/Ernaehrungsplan.png\" class=\"attachment-large size-large wp-image-43\" alt=\"\" srcset=\"https:\/\/www.bumblebees.at\/Chefmaus\/wp-content\/uploads\/2024\/08\/Ernaehrungsplan.png 200w, https:\/\/www.bumblebees.at\/Chefmaus\/wp-content\/uploads\/2024\/08\/Ernaehrungsplan-150x150.png 150w\" sizes=\"(max-width: 200px) 100vw, 200px\" \/>\t\t\t\t\t\t\t\t\t\t\t\t\t\t\t<\/div>\n\t\t\t\t<\/div>\n\t\t\t\t<div class=\"elementor-element elementor-element-67a6e4f elementor-widget elementor-widget-text-editor\" data-id=\"67a6e4f\" data-element_type=\"widget\" data-e-type=\"widget\" data-widget_type=\"text-editor.default\">\n\t\t\t\t<div class=\"elementor-widget-container\">\n\t\t\t\t\t\t\t\t\t<p>F\u00fcr ein gesundes Leben ist ein\u00a0<strong>individueller Ern\u00e4hrungplan<\/strong>\u00a0bzw.\u00a0<strong>Ern\u00e4hrungsberatung\u00a0<\/strong>ist f\u00fcr deinen Hund wesentlich .\nBei der Umstellung auf artgerechte Ern\u00e4hrung unterst\u00fctzen wir dich sehr gerne.<\/p>\n<p>Dazu sind nur ein paar Daten von deinem Hund erforderlich, vorausgesetzt dein Hund ist gesund.<\/p>\n<p>Auch Zus\u00e4tze wie Kr\u00e4uter und Vitalpilze sind ein wesentlicher Bestandteil des Futters. Mit Erg\u00e4nzungen einfach etwas Gutes tun und das Wohlbefinden des gesunden Hundes heben. Wir bieten auch hier professionelle Unterst\u00fctzung.<\/p>\n<p>Gemeinsam mit einem Tierarzt kann ich auch nicht gesunde Hunde betreuen.<\/p>\t\t\t\t\t\t\t\t<\/div>\n\t\t\t\t<\/div>\n\t\t\t\t<\/div>\n\t\t<div class=\"elementor-element elementor-element-77d0a81 e-con-full e-flex e-con e-child\" data-id=\"77d0a81\" data-element_type=\"container\" data-e-type=\"container\">\n\t\t\t\t<div class=\"elementor-element elementor-element-d6ca460 elementor-widget elementor-widget-heading\" data-id=\"d6ca460\" data-element_type=\"widget\" data-e-type=\"widget\" data-widget_type=\"heading.default\">\n\t\t\t\t<div class=\"elementor-widget-container\">\n\t\t\t\t\t<h2 class=\"elementor-heading-title elementor-size-default\">Welpenbetreuung<\/h2>\t\t\t\t<\/div>\n\t\t\t\t<\/div>\n\t\t\t\t<div class=\"elementor-element elementor-element-23dc369 elementor-widget elementor-widget-image\" data-id=\"23dc369\" data-element_type=\"widget\" data-e-type=\"widget\" data-widget_type=\"image.default\">\n\t\t\t\t<div class=\"elementor-widget-container\">\n\t\t\t\t\t\t\t\t\t\t\t\t\t\t\t<img decoding=\"async\" width=\"200\" height=\"200\" src=\"https:\/\/www.bumblebees.at\/Chefmaus\/wp-content\/uploads\/2024\/08\/Welpen.png\" class=\"attachment-large size-large wp-image-239\" alt=\"\" srcset=\"https:\/\/www.bumblebees.at\/Chefmaus\/wp-content\/uploads\/2024\/08\/Welpen.png 200w, https:\/\/www.bumblebees.at\/Chefmaus\/wp-content\/uploads\/2024\/08\/Welpen-150x150.png 150w\" sizes=\"(max-width: 200px) 100vw, 200px\" \/>\t\t\t\t\t\t\t\t\t\t\t\t\t\t\t<\/div>\n\t\t\t\t<\/div>\n\t\t\t\t<div class=\"elementor-element elementor-element-9b45f2d elementor-widget elementor-widget-text-editor\" data-id=\"9b45f2d\" data-element_type=\"widget\" data-e-type=\"widget\" data-widget_type=\"text-editor.default\">\n\t\t\t\t<div class=\"elementor-widget-container\">\n\t\t\t\t\t\t\t\t\t<p>Bei der Welpenbetreuung wird ein Ern\u00e4hrungsplan f\u00fcr den Welpen individuell\u00a0 erstellt und bis zum erwachsenen Hund regelm\u00e4\u00dfig betreut (wie z.B. w\u00f6chentliche Gewichtskontrolle usw.) und damit wird der Ern\u00e4hrungsplan f\u00fcr den Hund regelm\u00e4\u00dfig angepasst.<\/p>\t\t\t\t\t\t\t\t<\/div>\n\t\t\t\t<\/div>\n\t\t\t\t<\/div>\n\t\t<div class=\"elementor-element elementor-element-63a2568 e-con-full e-flex e-con e-child\" data-id=\"63a2568\" data-element_type=\"container\" data-e-type=\"container\">\n\t\t\t\t<div class=\"elementor-element elementor-element-90e9752 elementor-widget elementor-widget-heading\" data-id=\"90e9752\" data-element_type=\"widget\" data-e-type=\"widget\" data-widget_type=\"heading.default\">\n\t\t\t\t<div class=\"elementor-widget-container\">\n\t\t\t\t\t<h2 class=\"elementor-heading-title elementor-size-default\">Vortr\u00e4ge<\/h2>\t\t\t\t<\/div>\n\t\t\t\t<\/div>\n\t\t\t\t<div class=\"elementor-element elementor-element-df48372 elementor-widget elementor-widget-image\" data-id=\"df48372\" data-element_type=\"widget\" data-e-type=\"widget\" data-widget_type=\"image.default\">\n\t\t\t\t<div class=\"elementor-widget-container\">\n\t\t\t\t\t\t\t\t\t\t\t\t\t\t\t<img loading=\"lazy\" decoding=\"async\" width=\"200\" height=\"200\" src=\"https:\/\/www.bumblebees.at\/Chefmaus\/wp-content\/uploads\/2024\/08\/Impressum.png\" class=\"attachment-large size-large wp-image-70\" alt=\"\" srcset=\"https:\/\/www.bumblebees.at\/Chefmaus\/wp-content\/uploads\/2024\/08\/Impressum.png 200w, https:\/\/www.bumblebees.at\/Chefmaus\/wp-content\/uploads\/2024\/08\/Impressum-150x150.png 150w\" sizes=\"(max-width: 200px) 100vw, 200px\" \/>\t\t\t\t\t\t\t\t\t\t\t\t\t\t\t<\/div>\n\t\t\t\t<\/div>\n\t\t\t\t<div class=\"elementor-element elementor-element-73c65c7 elementor-widget elementor-widget-text-editor\" data-id=\"73c65c7\" data-element_type=\"widget\" data-e-type=\"widget\" data-widget_type=\"text-editor.default\">\n\t\t\t\t<div class=\"elementor-widget-container\">\n\t\t\t\t\t\t\t\t\t<p>Ich halte regelm\u00e4\u00dfig Gratis-Vortr\u00e4ge \u00fcber artgerechte Ern\u00e4hrung im Hunde-Hotel Almfrieden.<\/p>\n<p>Ich w\u00fcrde mich freuen an einer dieser Vortr\u00e4ge begr\u00fc\u00dfen zu d\u00fcrfen.<\/p>\t\t\t\t\t\t\t\t<\/div>\n\t\t\t\t<\/div>\n\t\t\t\t<\/div>\n\t\t\t\t\t<\/div>\n\t\t\t\t<\/div>\n\t\t\t\t<\/div>\n\t\t","protected":false},"excerpt":{"rendered":"<p>Artgerechte Ern\u00e4hrung Individuelle Ern\u00e4hrung F\u00fcr ein gesundes Leben ist ein\u00a0individueller Ern\u00e4hrungplan\u00a0bzw.\u00a0Ern\u00e4hrungsberatung\u00a0ist f\u00fcr deinen Hund wesentlich . Bei der Umstellung auf artgerechte Ern\u00e4hrung unterst\u00fctzen wir dich sehr gerne. Dazu sind nur [&hellip;]<\/p>\n","protected":false},"author":2,"featured_media":0,"parent":0,"menu_order":0,"comment_status":"closed","ping_status":"closed","template":"","meta":{"footnotes":""},"class_list":["post-166","page","type-page","status-publish","hentry"],"_links":{"self":[{"href":"https:\/\/www.bumblebees.at\/Chefmaus\/wp-json\/wp\/v2\/pages\/166","targetHints":{"allow":["GET"]}}],"collection":[{"href":"https:\/\/www.bumblebees.at\/Chefmaus\/wp-json\/wp\/v2\/pages"}],"about":[{"href":"https:\/\/www.bumblebees.at\/Chefmaus\/wp-json\/wp\/v2\/types\/page"}],"author":[{"embeddable":true,"href":"https:\/\/www.bumblebees.at\/Chefmaus\/wp-json\/wp\/v2\/users\/2"}],"replies":[{"embeddable":true,"href":"https:\/\/www.bumblebees.at\/Chefmaus\/wp-json\/wp\/v2\/comments?post=166"}],"version-history":[{"count":41,"href":"https:\/\/www.bumblebees.at\/Chefmaus\/wp-json\/wp\/v2\/pages\/166\/revisions"}],"predecessor-version":[{"id":884,"href":"https:\/\/www.bumblebees.at\/Chefmaus\/wp-json\/wp\/v2\/pages\/166\/revisions\/884"}],"wp:attachment":[{"href":"https:\/\/www.bumblebees.at\/Chefmaus\/wp-json\/wp\/v2\/media?parent=166"}],"curies":[{"name":"wp","href":"https:\/\/api.w.org\/{rel}","templated":true}]}}